{"id":171,"date":"2017-03-23T14:07:30","date_gmt":"2017-03-23T14:07:30","guid":{"rendered":"http:\/\/ccmamgbrasil.com.br\/site\/?page_id=171"},"modified":"2025-08-01T09:56:14","modified_gmt":"2025-08-01T12:56:14","slug":"a-ccma","status":"publish","type":"page","link":"https:\/\/ccmamgbrasil.com.br\/site\/a-ccma\/","title":{"rendered":"A CCMA"},"content":{"rendered":"\t\t<div data-elementor-type=\"wp-page\" data-elementor-id=\"171\" class=\"elementor elementor-171\" data-elementor-post-type=\"page\">\n\t\t\t\t<div class=\"elementor-element elementor-element-5d8f0d8 e-con-full e-flex wpr-particle-no wpr-jarallax-no wpr-parallax-no wpr-sticky-section-no e-con e-parent\" data-id=\"5d8f0d8\" data-element_type=\"container\">\n\t\t\t\t<div class=\"elementor-element elementor-element-54baed7 elementor-widget elementor-widget-heading\" data-id=\"54baed7\" data-element_type=\"widget\" data-widget_type=\"heading.default\">\n\t\t\t\t\t<h2 class=\"elementor-heading-title elementor-size-default\">CCMA MG BRASIL<\/h2>\t\t\t\t<\/div>\n\t\t\t\t<div class=\"elementor-element elementor-element-e36713d elementor-widget__width-inherit elementor-widget elementor-widget-heading\" data-id=\"e36713d\" data-element_type=\"widget\" data-widget_type=\"heading.default\">\n\t\t\t\t\t<h3 class=\"elementor-heading-title elementor-size-default\">Olhando o futuro e trabalhando com as pessoas!<\/h3>\t\t\t\t<\/div>\n\t\t\t\t<\/div>\n\t\t<div class=\"elementor-element elementor-element-f43679e e-flex e-con-boxed wpr-particle-no wpr-jarallax-no wpr-parallax-no wpr-sticky-section-no e-con e-parent\" data-id=\"f43679e\" data-element_type=\"container\">\n\t\t\t\t\t<div class=\"e-con-inner\">\n\t\t\t\t<div class=\"elementor-element elementor-element-61a0cff elementor-widget elementor-widget-text-editor\" data-id=\"61a0cff\" data-element_type=\"widget\" data-widget_type=\"text-editor.default\">\n\t\t\t\t\t\t\t\t\t<p>A\u00a0<strong>CCMA \u2013 C\u00e2mara de Concilia\u00e7\u00e3o, Media\u00e7\u00e3o e Arbitragem \u2013 Minas Gerais \u2013 Brasil<\/strong>\u00a0\u00e9 uma entidade civil, de car\u00e1ter privado, que oferece \u00e0 sociedade servi\u00e7os especializados na\u00a0administra\u00e7\u00e3o e operacionaliza\u00e7\u00e3o de processos de Concilia\u00e7\u00e3o, Media\u00e7\u00e3o e Arbitragem, buscando proporcionar a solu\u00e7\u00e3o de\u00a0conflitos\u00a0e lit\u00edgios em geral, com ou sem a interven\u00e7\u00e3o da Justi\u00e7a P\u00fablica.<\/p><div class=\"page\" title=\"Page 3\"><div class=\"section\"><div class=\"layoutArea\"><div class=\"column\"><p>Os mecanismos extrajudiciais de resoluc\u0327a\u0303o de conflitos, atrave\u0301s de pra\u0301ticas de Conciliac\u0327a\u0303o, Mediac\u0327a\u0303o e Arbitragem, sa\u0303o uma alternativa para a resoluc\u0327a\u0303o paci\u0301fica de conflitos com ou sem a intervenc\u0327a\u0303o do poder judicia\u0301rio, promovendo assim agilidade e simplicidade na soluc\u0327a\u0303o das disputas, tendo tambe\u0301m, o compromisso de reduzir custos e despesas operacionais, bem como o tempo na\u00a0demanda.<\/p><\/div><\/div><\/div><\/div><p>A\u00a0<strong>CCMA \u00e9 credenciada junto ao TJMG \u2013 Tribunal de Justi\u00e7a de Minas Gerais<\/strong>, o que respalda ainda mais sua atuac\u0327a\u0303o na gesta\u0303o e busca da pacificac\u0327a\u0303o social atrave\u0301s da resoluc\u0327a\u0303o de conflitos e lit\u00edgios.<\/p>\t\t\t\t\t\t\t\t<\/div>\n\t\t\t\t\t<\/div>\n\t\t\t\t<\/div>\n\t\t<div class=\"elementor-element elementor-element-5ad3ca0 e-con-full e-flex wpr-particle-no wpr-jarallax-no wpr-parallax-no wpr-sticky-section-no e-con e-parent\" data-id=\"5ad3ca0\" data-element_type=\"container\" data-settings=\"{&quot;background_background&quot;:&quot;classic&quot;}\">\n\t\t<div class=\"elementor-element elementor-element-7ed4b54 e-con-full e-flex wpr-particle-no wpr-jarallax-no wpr-parallax-no wpr-sticky-section-no e-con e-child\" data-id=\"7ed4b54\" data-element_type=\"container\">\n\t\t\t\t<div class=\"elementor-element elementor-element-a0ab0cd elementor-widget__width-initial elementor-widget elementor-widget-heading\" data-id=\"a0ab0cd\" data-element_type=\"widget\" data-widget_type=\"heading.default\">\n\t\t\t\t\t<h2 class=\"elementor-heading-title elementor-size-default\">Saiba mais sobre o que a Concilia\u00e7\u00e3o, Media\u00e7\u00e3o e Arbitragem podem oferecer a voc\u00ea:<\/h2>\t\t\t\t<\/div>\n\t\t\t\t<div class=\"elementor-element elementor-element-4a56cab elementor-align-center elementor-widget elementor-widget-button\" data-id=\"4a56cab\" data-element_type=\"widget\" data-widget_type=\"button.default\">\n\t\t\t\t\t\t\t\t\t\t<a class=\"elementor-button elementor-button-link elementor-size-sm\" href=\"https:\/\/api.whatsapp.com\/send\/?phone=5531992980886&#038;text=Ol%C3%A1+%2ACCMA+MG+BRASIL%2A%21+Vim+pelo+site+e+preciso+de+mais+informa%C3%A7%C3%B5es.+CCMA+MG+BRASIL\" target=\"_blank\">\n\t\t\t\t\t\t<span class=\"elementor-button-content-wrapper\">\n\t\t\t\t\t\t<span class=\"elementor-button-icon\">\n\t\t\t\t<svg aria-hidden=\"true\" class=\"e-font-icon-svg e-fas-arrow-right\" viewBox=\"0 0 448 512\" xmlns=\"http:\/\/www.w3.org\/2000\/svg\"><path d=\"M190.5 66.9l22.2-22.2c9.4-9.4 24.6-9.4 33.9 0L441 239c9.4 9.4 9.4 24.6 0 33.9L246.6 467.3c-9.4 9.4-24.6 9.4-33.9 0l-22.2-22.2c-9.5-9.5-9.3-25 .4-34.3L311.4 296H24c-13.3 0-24-10.7-24-24v-32c0-13.3 10.7-24 24-24h287.4L190.9 101.2c-9.8-9.3-10-24.8-.4-34.3z\"><\/path><\/svg>\t\t\t<\/span>\n\t\t\t\t\t\t\t\t\t<span class=\"elementor-button-text\">Fale Conosco<\/span>\n\t\t\t\t\t<\/span>\n\t\t\t\t\t<\/a>\n\t\t\t\t\t\t\t\t<\/div>\n\t\t\t\t<\/div>\n\t\t\t\t<\/div>\n\t\t\t\t<\/div>\n\t\t","protected":false},"excerpt":{"rendered":"<p>CCMA MG BRASIL Olhando o futuro e trabalhando com as pessoas! A\u00a0CCMA \u2013 C\u00e2mara de Concilia\u00e7\u00e3o, Media\u00e7\u00e3o e Arbitragem \u2013 Minas Gerais \u2013 Brasil\u00a0\u00e9 uma entidade civil, de car\u00e1ter privado, que oferece \u00e0 sociedade servi\u00e7os especializados na\u00a0administra\u00e7\u00e3o e operacionaliza\u00e7\u00e3o de processos de Concilia\u00e7\u00e3o, Media\u00e7\u00e3o e Arbitragem, buscando proporcionar a solu\u00e7\u00e3o de\u00a0conflitos\u00a0e lit\u00edgios em geral, com ou sem a interven\u00e7\u00e3o da Justi\u00e7a P\u00fablica. Os mecanismos extrajudiciais de resoluc\u0327a\u0303o de conflitos, atrave\u0301s de pra\u0301ticas de Conciliac\u0327a\u0303o, Mediac\u0327a\u0303o e Arbitragem, sa\u0303o uma alternativa para a resoluc\u0327a\u0303o paci\u0301fica de conflitos com ou sem a intervenc\u0327a\u0303o do poder judicia\u0301rio, promovendo assim agilidade e simplicidade na soluc\u0327a\u0303o das disputas, tendo tambe\u0301m, o compromisso de reduzir custos e despesas operacionais, bem como o tempo na\u00a0demanda. A\u00a0CCMA \u00e9 credenciada junto ao TJMG \u2013 Tribunal de Justi\u00e7a de Minas Gerais, o que respalda ainda mais sua atuac\u0327a\u0303o na gesta\u0303o e busca da pacificac\u0327a\u0303o social atrave\u0301s da resoluc\u0327a\u0303o de conflitos e lit\u00edgios. Saiba mais sobre o que a Concilia\u00e7\u00e3o, Media\u00e7\u00e3o e Arbitragem podem oferecer a voc\u00ea: Fale Conosco<\/p>\n","protected":false},"author":1,"featured_media":0,"parent":0,"menu_order":0,"comment_status":"closed","ping_status":"closed","template":"elementor_header_footer","meta":{"_joinchat":[],"footnotes":""},"class_list":["post-171","page","type-page","status-publish","hentry"],"_links":{"self":[{"href":"https:\/\/ccmamgbrasil.com.br\/site\/wp-json\/wp\/v2\/pages\/171","targetHints":{"allow":["GET"]}}],"collection":[{"href":"https:\/\/ccmamgbrasil.com.br\/site\/wp-json\/wp\/v2\/pages"}],"about":[{"href":"https:\/\/ccmamgbrasil.com.br\/site\/wp-json\/wp\/v2\/types\/page"}],"author":[{"embeddable":true,"href":"https:\/\/ccmamgbrasil.com.br\/site\/wp-json\/wp\/v2\/users\/1"}],"replies":[{"embeddable":true,"href":"https:\/\/ccmamgbrasil.com.br\/site\/wp-json\/wp\/v2\/comments?post=171"}],"version-history":[{"count":47,"href":"https:\/\/ccmamgbrasil.com.br\/site\/wp-json\/wp\/v2\/pages\/171\/revisions"}],"predecessor-version":[{"id":3852,"href":"https:\/\/ccmamgbrasil.com.br\/site\/wp-json\/wp\/v2\/pages\/171\/revisions\/3852"}],"wp:attachment":[{"href":"https:\/\/ccmamgbrasil.com.br\/site\/wp-json\/wp\/v2\/media?parent=171"}],"curies":[{"name":"wp","href":"https:\/\/api.w.org\/{rel}","templated":true}]}}