{"id":3844,"date":"2025-08-01T09:57:23","date_gmt":"2025-08-01T12:57:23","guid":{"rendered":"https:\/\/ccmamgbrasil.com.br\/site\/?page_id=3844"},"modified":"2025-08-06T16:32:33","modified_gmt":"2025-08-06T19:32:33","slug":"dispute-board","status":"publish","type":"page","link":"https:\/\/ccmamgbrasil.com.br\/site\/dispute-board\/","title":{"rendered":"Dispute Board"},"content":{"rendered":"\t\t<div data-elementor-type=\"wp-page\" data-elementor-id=\"3844\" class=\"elementor elementor-3844\" data-elementor-post-type=\"page\">\n\t\t\t\t<div class=\"elementor-element elementor-element-109ae69 e-con-full e-flex wpr-particle-no wpr-jarallax-no wpr-parallax-no wpr-sticky-section-no e-con e-parent\" data-id=\"109ae69\" data-element_type=\"container\">\n\t\t\t\t<div class=\"elementor-element elementor-element-94ffed0 elementor-widget elementor-widget-heading\" data-id=\"94ffed0\" data-element_type=\"widget\" data-widget_type=\"heading.default\">\n\t\t\t\t\t<h2 class=\"elementor-heading-title elementor-size-default\">Dispute Board<\/h2>\t\t\t\t<\/div>\n\t\t\t\t<div class=\"elementor-element elementor-element-f14ef6e elementor-widget__width-inherit elementor-widget elementor-widget-heading\" data-id=\"f14ef6e\" data-element_type=\"widget\" data-widget_type=\"heading.default\">\n\t\t\t\t\t<h3 class=\"elementor-heading-title elementor-size-default\">Preven\u00e7\u00e3o e Solu\u00e7\u00e3o Inteligente de Conflitos em Contratos de Longo Prazo<\/h3>\t\t\t\t<\/div>\n\t\t\t\t<\/div>\n\t\t<div class=\"elementor-element elementor-element-02dfa06 e-flex e-con-boxed wpr-particle-no wpr-jarallax-no wpr-parallax-no wpr-sticky-section-no e-con e-parent\" data-id=\"02dfa06\" data-element_type=\"container\">\n\t\t\t\t\t<div class=\"e-con-inner\">\n\t\t\t\t<div class=\"elementor-element elementor-element-6d9e152 elementor-widget elementor-widget-heading\" data-id=\"6d9e152\" data-element_type=\"widget\" data-widget_type=\"heading.default\">\n\t\t\t\t\t<h2 class=\"elementor-heading-title elementor-size-default\">A CCMA MG BRASIL oferece o Dispute Board como ferramenta moderna, eficaz e cont\u00ednua para mitigar riscos, preservar rela\u00e7\u00f5es e garantir o cumprimento contratual.<\/h2>\t\t\t\t<\/div>\n\t\t\t\t<div class=\"elementor-element elementor-element-df81c5c elementor-widget elementor-widget-text-editor\" data-id=\"df81c5c\" data-element_type=\"widget\" data-widget_type=\"text-editor.default\">\n\t\t\t\t\t\t\t\t\t<p>A\u00a0<strong>CCMA \u2013 C\u00e2mara de Concilia\u00e7\u00e3o, Media\u00e7\u00e3o e Arbitragem \u2013 Minas Gerais \u2013 Brasil<\/strong>\u00a0\u00e9 uma entidade civil, de car\u00e1ter privado, que oferece \u00e0 sociedade servi\u00e7os especializados na\u00a0administra\u00e7\u00e3o e operacionaliza\u00e7\u00e3o de processos de Concilia\u00e7\u00e3o, Media\u00e7\u00e3o e Arbitragem, buscando proporcionar a solu\u00e7\u00e3o de\u00a0conflitos\u00a0e lit\u00edgios em geral, com ou sem a interven\u00e7\u00e3o da Justi\u00e7a P\u00fablica.<\/p><div class=\"page\" title=\"Page 3\"><div class=\"section\"><div class=\"layoutArea\"><div class=\"column\"><p>Os mecanismos extrajudiciais de resoluc\u0327a\u0303o de conflitos, atrave\u0301s de pra\u0301ticas de Conciliac\u0327a\u0303o, Mediac\u0327a\u0303o e Arbitragem, sa\u0303o uma alternativa para a resoluc\u0327a\u0303o paci\u0301fica de conflitos com ou sem a intervenc\u0327a\u0303o do poder judicia\u0301rio, promovendo assim agilidade e simplicidade na soluc\u0327a\u0303o das disputas, tendo tambe\u0301m, o compromisso de reduzir custos e despesas operacionais, bem como o tempo na\u00a0demanda.<\/p><\/div><\/div><\/div><\/div><p>A\u00a0<strong>CCMA \u00e9 credenciada junto ao TJMG \u2013 Tribunal de Justi\u00e7a de Minas Gerais<\/strong>, o que respalda ainda mais sua atuac\u0327a\u0303o na gesta\u0303o e busca da pacificac\u0327a\u0303o social atrave\u0301s da resoluc\u0327a\u0303o de conflitos e lit\u00edgios.<\/p>\t\t\t\t\t\t\t\t<\/div>\n\t\t\t\t\t<\/div>\n\t\t\t\t<\/div>\n\t\t\t\t<\/div>\n\t\t","protected":false},"excerpt":{"rendered":"<p>Dispute Board Preven\u00e7\u00e3o e Solu\u00e7\u00e3o Inteligente de Conflitos em Contratos de Longo Prazo A CCMA MG BRASIL oferece o Dispute Board como ferramenta moderna, eficaz e cont\u00ednua para mitigar riscos, preservar rela\u00e7\u00f5es e garantir o cumprimento contratual. A\u00a0CCMA \u2013 C\u00e2mara de Concilia\u00e7\u00e3o, Media\u00e7\u00e3o e Arbitragem \u2013 Minas Gerais \u2013 Brasil\u00a0\u00e9 uma entidade civil, de car\u00e1ter privado, que oferece \u00e0 sociedade servi\u00e7os especializados na\u00a0administra\u00e7\u00e3o e operacionaliza\u00e7\u00e3o de processos de Concilia\u00e7\u00e3o, Media\u00e7\u00e3o e Arbitragem, buscando proporcionar a solu\u00e7\u00e3o de\u00a0conflitos\u00a0e lit\u00edgios em geral, com ou sem a interven\u00e7\u00e3o da Justi\u00e7a P\u00fablica. Os mecanismos extrajudiciais de resoluc\u0327a\u0303o de conflitos, atrave\u0301s de pra\u0301ticas de Conciliac\u0327a\u0303o, Mediac\u0327a\u0303o e Arbitragem, sa\u0303o uma alternativa para a resoluc\u0327a\u0303o paci\u0301fica de conflitos com ou sem a intervenc\u0327a\u0303o do poder judicia\u0301rio, promovendo assim agilidade e simplicidade na soluc\u0327a\u0303o das disputas, tendo tambe\u0301m, o compromisso de reduzir custos e despesas operacionais, bem como o tempo na\u00a0demanda. A\u00a0CCMA \u00e9 credenciada junto ao TJMG \u2013 Tribunal de Justi\u00e7a de Minas Gerais, o que respalda ainda mais sua atuac\u0327a\u0303o na gesta\u0303o e busca da pacificac\u0327a\u0303o social atrave\u0301s da resoluc\u0327a\u0303o de conflitos e lit\u00edgios.<\/p>\n","protected":false},"author":2,"featured_media":0,"parent":0,"menu_order":0,"comment_status":"closed","ping_status":"closed","template":"elementor_header_footer","meta":{"_joinchat":[],"footnotes":""},"class_list":["post-3844","page","type-page","status-publish","hentry"],"_links":{"self":[{"href":"https:\/\/ccmamgbrasil.com.br\/site\/wp-json\/wp\/v2\/pages\/3844","targetHints":{"allow":["GET"]}}],"collection":[{"href":"https:\/\/ccmamgbrasil.com.br\/site\/wp-json\/wp\/v2\/pages"}],"about":[{"href":"https:\/\/ccmamgbrasil.com.br\/site\/wp-json\/wp\/v2\/types\/page"}],"author":[{"embeddable":true,"href":"https:\/\/ccmamgbrasil.com.br\/site\/wp-json\/wp\/v2\/users\/2"}],"replies":[{"embeddable":true,"href":"https:\/\/ccmamgbrasil.com.br\/site\/wp-json\/wp\/v2\/comments?post=3844"}],"version-history":[{"count":7,"href":"https:\/\/ccmamgbrasil.com.br\/site\/wp-json\/wp\/v2\/pages\/3844\/revisions"}],"predecessor-version":[{"id":3915,"href":"https:\/\/ccmamgbrasil.com.br\/site\/wp-json\/wp\/v2\/pages\/3844\/revisions\/3915"}],"wp:attachment":[{"href":"https:\/\/ccmamgbrasil.com.br\/site\/wp-json\/wp\/v2\/media?parent=3844"}],"curies":[{"name":"wp","href":"https:\/\/api.w.org\/{rel}","templated":true}]}}